{"id":3,"date":"2020-06-10T23:56:27","date_gmt":"2020-06-10T23:56:27","guid":{"rendered":"https:\/\/swordslogistics.nl\/?page_id=3"},"modified":"2020-06-14T23:14:53","modified_gmt":"2020-06-14T23:14:53","slug":"privacy-policy","status":"publish","type":"page","link":"https:\/\/swordslogistics.nl\/en\/privacy-policy\/","title":{"rendered":"Privacy Policy"},"content":{"rendered":"<div data-elementor-type=\"wp-page\" data-elementor-id=\"3\" class=\"elementor elementor-3\">\n\t\t\t\t\t\t<div class=\"elementor-inner\">\n\t\t\t\t<div class=\"elementor-section-wrap\">\n\t\t\t\t\t\t\t\t\t<section class=\"elementor-section elementor-top-section elementor-element elementor-element-3decf6ff elementor-section-boxed elementor-section-height-default elementor-section-height-default\" data-id=\"3decf6ff\" data-element_type=\"section\">\n\t\t\t\t\t\t<div class=\"elementor-container elementor-column-gap-default\">\n\t\t\t\t\t\t\t<div class=\"elementor-row\">\n\t\t\t\t\t<div class=\"elementor-column elementor-col-100 elementor-top-column elementor-element elementor-element-21d71528\" data-id=\"21d71528\" data-element_type=\"column\">\n\t\t\t<div class=\"elementor-column-wrap elementor-element-populated\">\n\t\t\t\t\t\t\t<div class=\"elementor-widget-wrap\">\n\t\t\t\t\t\t<div class=\"elementor-element elementor-element-2ecb59eb elementor-widget elementor-widget-text-editor\" data-id=\"2ecb59eb\" data-element_type=\"widget\" data-widget_type=\"text-editor.default\">\n\t\t\t\t<div class=\"elementor-widget-container\">\n\t\t\t\t\t\t\t\t<div class=\"elementor-text-editor elementor-clearfix\">\n\t\t\t\t\t\t\t\t\t<\/div>\n\t\t\t\t\t\t<\/div>\n\t\t\t\t<\/div>\n\t\t\t\t\t\t<\/div>\n\t\t\t\t\t<\/div>\n\t\t<\/div>\n\t\t\t\t\t\t\t\t<\/div>\n\t\t\t\t\t<\/div>\n\t\t<\/section>\n\t\t\t\t<section class=\"elementor-section elementor-top-section elementor-element elementor-element-d731cf4 elementor-section-boxed elementor-section-height-default elementor-section-height-default\" data-id=\"d731cf4\" data-element_type=\"section\">\n\t\t\t\t\t\t<div class=\"elementor-container elementor-column-gap-default\">\n\t\t\t\t\t\t\t<div class=\"elementor-row\">\n\t\t\t\t\t<div class=\"elementor-column elementor-col-100 elementor-top-column elementor-element elementor-element-6d6b2e34\" data-id=\"6d6b2e34\" data-element_type=\"column\">\n\t\t\t<div class=\"elementor-column-wrap elementor-element-populated\">\n\t\t\t\t\t\t\t<div class=\"elementor-widget-wrap\">\n\t\t\t\t\t\t<section class=\"elementor-section elementor-inner-section elementor-element elementor-element-7b361847 elementor-section-boxed elementor-section-height-default elementor-section-height-default\" data-id=\"7b361847\" data-element_type=\"section\">\n\t\t\t\t\t\t<div class=\"elementor-container elementor-column-gap-default\">\n\t\t\t\t\t\t\t<div class=\"elementor-row\">\n\t\t\t\t\t<div class=\"elementor-column elementor-col-100 elementor-inner-column elementor-element elementor-element-8be8820\" data-id=\"8be8820\" data-element_type=\"column\">\n\t\t\t<div class=\"elementor-column-wrap elementor-element-populated\">\n\t\t\t\t\t\t\t<div class=\"elementor-widget-wrap\">\n\t\t\t\t\t\t<div class=\"elementor-element elementor-element-7ef0be3b elementor-widget elementor-widget-heading\" data-id=\"7ef0be3b\" data-element_type=\"widget\" data-widget_type=\"heading.default\">\n\t\t\t\t<div class=\"elementor-widget-container\">\n\t\t\t<h2 class=\"elementor-heading-title elementor-size-default\">Privacy Policy<\/h2>\t\t<\/div>\n\t\t\t\t<\/div>\n\t\t\t\t<div class=\"elementor-element elementor-element-71163a7e elementor-widget elementor-widget-text-editor\" data-id=\"71163a7e\" data-element_type=\"widget\" data-widget_type=\"text-editor.default\">\n\t\t\t\t<div class=\"elementor-widget-container\">\n\t\t\t\t\t\t\t\t<div class=\"elementor-text-editor elementor-clearfix\">\n\t\t\t\t<p>Swords Logistics, located at Dirk Boutslaan 30<\/p><p>5613LH Eindhoven, is responsible for the processing of personal data as shown in this privacy statement.<\/p><p><strong>Contact information:<\/strong><\/p><p>Dirk Boutslaan 30<\/p><p>5613LH Eindhoven<\/p><p>+31 (0) 40 711 4510<\/p><p>\u00d6zg\u00fcr Kili\u00e7 is the Data Protection Officer of Swords Logistics. He can be reached via info@swordslogistics.nl<\/p><p><strong>Personal data that we process<\/strong><\/p><p>Swords Logistics processes your personal data because you use our services and \/ or because you provide them yourself.<\/p><p><strong>Below you will find an overview of the personal data we process:<\/strong><\/p><p>- First and last name<\/p><p>- Address<\/p><p>- Phonenumber<\/p><p>- Email<\/p><p>- IP-address<\/p><p>- Other personal data that you actively provide, for example by creating a profile on this website, in correspondence and by telephone<\/p><p>- Location data<\/p><p>- Information about your activities on our website<\/p><p>- Internet browser and device type<\/p><p><strong>Special and \/ or sensitive personal data that we process<\/strong><\/p><p>Our website and \/ or service does not intend to collect data about website visitors under the age of 16. Unless they have parental or guardian permission. However, we cannot check whether a visitor is older than 16. We therefore recommend that parents be involved in the online activities of their children, in order to prevent data about children from being collected without parental consent. If you are convinced that we have collected personal information about a minor without this permission, please contact us at info@swordslogistics.nl and we will delete this information.<\/p><p><strong>For what purpose and on what basis we process personal data<\/strong><\/p><p>Swords Logistics processes your personal data for the following purposes:<\/p><p>- To be able to call or e-mail you if necessary to carry out our services<\/p><p>- To deliver goods and services to you<\/p><p>- Swords Logistics analyzes your behavior on the website in order to improve the website and to tailor the range of products and services to your preferences.<\/p><p>How long we keep personal data<\/p><p>Swords Logistics does not store your personal data longer than is strictly necessary to achieve the goals for which your data is collected. We use the following retention periods for the following (categories) of personal data:<\/p><p>All completed forms on our website are kept for 1 year.<\/p><p><strong>Sharing personal data with third parties<\/strong><\/p><p>Swords Logistics only provides to third parties and only if this is necessary for the execution of our agreement with you or to comply with a legal obligation.<\/p><p><strong>Cookies, or comparable techniques, that we use<\/strong><\/p><p>Swords Logistics uses functional, analytical and tracking cookies. A cookie is a small text file that is stored in the browser of your computer, tablet or smartphone when you first visit this website. Swords Logistics uses cookies with a purely technical functionality. These ensure that the website works properly and that, for example, your preferred settings are remembered. These cookies are also used to make the website work properly and to optimize it. In addition, we place cookies that keep track of your surfing behavior so that we can offer customized content and advertisements.<\/p><p>On your first visit to our website, we have already informed you about these cookies and asked for permission to place them.<\/p><p>You can opt out of cookies by setting your internet browser so that it no longer stores cookies. In addition, you can also delete all information previously saved via the settings of your browser.<\/p><p>Cookies are also placed on this website by third parties. These are, for example, advertisers and \/ or social media companies. Below an overview:<\/p><p>Cookie:\u00a0Google Analytics<\/p><p>Function: Analytical cookie that measures website visits<\/p><p>Retention period: 2 years<\/p><p><strong>View, adjust or delete data <\/strong><\/p><p>You have the right to view, correct or delete your personal data. You can do this yourself via the personal settings of your account. In addition, you have the right to withdraw your consent to the data processing or to object to the processing of your personal data by our company and you have the right to data portability. This means that you can submit a request to us to send the personal data that we hold about you in a computer file to you or another organization mentioned by you.<\/p><p>If you want to exercise your right to object and \/ or right to data portability or if you have other questions \/ comments about data processing, please send a specified request to info@swordslogistics.nl.<\/p><p>To ensure that the request for access has been made by you, we ask you to send a copy of your ID with the request. Make your passport photo, MRZ (machine readable zone, the strip with numbers at the bottom of the passport), passport number and citizen service number (BSN) black in this copy. This is to protect your privacy. Swords Logistics will respond to your request as soon as possible, but in any case within four weeks.<\/p><p>Swords Logistics would also like to point out that you have the opportunity to file a complaint with the national supervisory authority, the Dutch Data Protection Authority. You can do this via the following link: https:\/\/autoriteitpersoonsgegevens.nl\/nl\/contact-met-de-autoriteit-persoonsgegevens\/tip-ons<\/p><p><strong>How we protect personal data<\/strong><\/p><p>Swords Logistics takes the protection of your data seriously and takes appropriate measures to prevent misuse, loss, unauthorized access, unwanted disclosure and unauthorized modification. If you have the impression that your data is not properly secured or there are indications of abuse, please contact our customer service or via info@swordslogistics.nl<\/p>\t\t\t\t\t<\/div>\n\t\t\t\t\t\t<\/div>\n\t\t\t\t<\/div>\n\t\t\t\t\t\t<\/div>\n\t\t\t\t\t<\/div>\n\t\t<\/div>\n\t\t\t\t\t\t\t\t<\/div>\n\t\t\t\t\t<\/div>\n\t\t<\/section>\n\t\t\t\t\t\t<\/div>\n\t\t\t\t\t<\/div>\n\t\t<\/div>\n\t\t\t\t\t\t\t\t<\/div>\n\t\t\t\t\t<\/div>\n\t\t<\/section>\n\t\t\t\t\t\t\t\t\t<\/div>\n\t\t\t<\/div>\n\t\t\t\t\t<\/div>","protected":false},"excerpt":{"rendered":"<p>Privacy Policy Swords Logistics, gevestigd aan Dirk Boutslaan 30 5613LH Eindhoven, is verantwoordelijk voor de verwerking van persoonsgegevens zoals weergegeven in deze privacyverklaring. Contactgegevens: Dirk Boutslaan 30 5613LH Eindhoven +31 (0) 40 711 4510 \u00d6zg\u00fcr Kili\u00e7 is de Functionaris Gegevensbescherming van Swords Logistics. Hij is te bereiken via info@swordslogistics.nl Persoonsgegevens die wij verwerken Swords Logistics [&hellip;]<\/p>","protected":false},"author":1,"featured_media":0,"parent":0,"menu_order":0,"comment_status":"closed","ping_status":"open","template":"elementor_header_footer","meta":{"_mi_skip_tracking":false},"_links":{"self":[{"href":"https:\/\/swordslogistics.nl\/en\/wp-json\/wp\/v2\/pages\/3"}],"collection":[{"href":"https:\/\/swordslogistics.nl\/en\/wp-json\/wp\/v2\/pages"}],"about":[{"href":"https:\/\/swordslogistics.nl\/en\/wp-json\/wp\/v2\/types\/page"}],"author":[{"embeddable":true,"href":"https:\/\/swordslogistics.nl\/en\/wp-json\/wp\/v2\/users\/1"}],"replies":[{"embeddable":true,"href":"https:\/\/swordslogistics.nl\/en\/wp-json\/wp\/v2\/comments?post=3"}],"version-history":[{"count":4,"href":"https:\/\/swordslogistics.nl\/en\/wp-json\/wp\/v2\/pages\/3\/revisions"}],"predecessor-version":[{"id":414,"href":"https:\/\/swordslogistics.nl\/en\/wp-json\/wp\/v2\/pages\/3\/revisions\/414"}],"wp:attachment":[{"href":"https:\/\/swordslogistics.nl\/en\/wp-json\/wp\/v2\/media?parent=3"}],"curies":[{"name":"wp","href":"https:\/\/api.w.org\/{rel}","templated":true}]}}